{"id":137,"date":"2026-02-12T10:54:07","date_gmt":"2026-02-12T10:54:07","guid":{"rendered":"https:\/\/safesecurite.pro\/?page_id=137"},"modified":"2026-02-12T10:54:07","modified_gmt":"2026-02-12T10:54:07","slug":"securite-banques-etablissements-financiers","status":"publish","type":"page","link":"https:\/\/safesecurite.pro\/index.php\/securite-banques-etablissements-financiers\/","title":{"rendered":"S\u00e9curit\u00e9 banques &amp; \u00e9tablissements financiers"},"content":{"rendered":"","protected":false},"excerpt":{"rendered":"","protected":false},"author":1,"featured_media":0,"parent":0,"menu_order":0,"comment_status":"closed","ping_status":"closed","template":"","meta":{"saved_in_kubio":false,"footnotes":""},"class_list":["post-137","page","type-page","status-publish","hentry"],"kubio_ai_page_context":{"short_desc":"","purpose":"general"},"_links":{"self":[{"href":"https:\/\/safesecurite.pro\/index.php\/wp-json\/wp\/v2\/pages\/137","targetHints":{"allow":["GET"]}}],"collection":[{"href":"https:\/\/safesecurite.pro\/index.php\/wp-json\/wp\/v2\/pages"}],"about":[{"href":"https:\/\/safesecurite.pro\/index.php\/wp-json\/wp\/v2\/types\/page"}],"author":[{"embeddable":true,"href":"https:\/\/safesecurite.pro\/index.php\/wp-json\/wp\/v2\/users\/1"}],"replies":[{"embeddable":true,"href":"https:\/\/safesecurite.pro\/index.php\/wp-json\/wp\/v2\/comments?post=137"}],"version-history":[{"count":1,"href":"https:\/\/safesecurite.pro\/index.php\/wp-json\/wp\/v2\/pages\/137\/revisions"}],"predecessor-version":[{"id":138,"href":"https:\/\/safesecurite.pro\/index.php\/wp-json\/wp\/v2\/pages\/137\/revisions\/138"}],"wp:attachment":[{"href":"https:\/\/safesecurite.pro\/index.php\/wp-json\/wp\/v2\/media?parent=137"}],"curies":[{"name":"wp","href":"https:\/\/api.w.org\/{rel}","templated":true}]}}